{"id":7309,"date":"2022-01-28T09:29:07","date_gmt":"2022-01-28T08:29:07","guid":{"rendered":"https:\/\/www.rvc.be\/het-bedrijf\/"},"modified":"2025-10-13T14:50:35","modified_gmt":"2025-10-13T12:50:35","slug":"het-bedrijf","status":"publish","type":"page","link":"https:\/\/www.rvc.be\/nl\/het-bedrijf\/","title":{"rendered":"Het bedrijf"},"content":{"rendered":"\t\t<div data-elementor-type=\"wp-page\" data-elementor-id=\"7309\" class=\"elementor elementor-7309 elementor-4768\" data-elementor-post-type=\"page\">\n\t\t\t\t\t\t<section class=\"elementor-section elementor-top-section elementor-element elementor-element-9a4ddf5 elementor-section-boxed elementor-section-height-default elementor-section-height-default\" data-id=\"9a4ddf5\" data-element_type=\"section\">\n\t\t\t\t\t\t<div class=\"elementor-container elementor-column-gap-default\">\n\t\t\t\t\t<div class=\"elementor-column elementor-col-100 elementor-top-column elementor-element elementor-element-d8b0f58\" data-id=\"d8b0f58\" data-element_type=\"column\">\n\t\t\t<div class=\"elementor-widget-wrap elementor-element-populated\">\n\t\t\t\t\t\t<div class=\"elementor-element elementor-element-4feff41 elementor-widget elementor-widget-text-editor\" data-id=\"4feff41\" data-element_type=\"widget\" data-widget_type=\"text-editor.default\">\n\t\t\t\t<div class=\"elementor-widget-container\">\n\t\t\t\t\t\t\t\t\t<h1 style=\"text-align: center; padding-left: 40px;\">Het bedrijf<\/h1><p style=\"text-align: justify;\">RVC is sinds enkele jaren gespecialiseerd in de optimalisatie van operationele en administratieve beheerprocessen door de integratie van digitaliseringstechnologie\u00ebn.<\/p><p style=\"text-align: justify;\">RVC ontwikkelt en vermarkt drie oplossingen onder de naam <a href=\"https:\/\/jhcmvvq.cluster030.hosting.ovh.net\/index.php\/powerges\/\">POWERGES<\/a>, <a href=\"https:\/\/jhcmvvq.cluster030.hosting.ovh.net\/index.php\/2021\/12\/13\/powersave\/\">POWERSAVE <\/a>en <a href=\"https:\/\/jhcmvvq.cluster030.hosting.ovh.net\/index.php\/mainteneo-2\/\">Mainteneo<\/a>. Dit zijn oplossingen voor het <strong>beheer van gebouwen of technische infrastructuur<\/strong>, waarbij het verzamelen van veldgegevens, de dematerialisatie van operationele en administratieve processen en het beheer van het verbruik worden ge\u00efntegreerd. <\/p><p style=\"text-align: justify;\">Deze oplossingen zijn met name gericht op installaties die onderworpen zijn aan wettelijke vereisten op het gebied van veiligheid en milieu. RVC zet deze oplossingen in door digitalisering, mobiele technologie\u00ebn, barcodes en IoT te integreren. RVC sluit dan ook perfect aan bij de trend van digitalisering van het bedrijfsleven en digitale transformatie, met name gericht op de implementatie van een verbonden en papierloze organisatie.  <\/p><p style=\"text-align: justify;\">Op het gebied van verwarming, ventilatie, airconditioning en andere technieken die in het gebouw aanwezig zijn, ontwikkelt RVC al meer dan 30 jaar de POWERGES-oplossing, samen met professionals in de sector en het advies van haar klanten, echte projectmanagers en voorschrijvers van de ingezette functionaliteiten.<\/p><p style=\"text-align: justify;\">De oplossing houdt rekening met alle eisen en bijzonderheden van deze beroepen, zowel voor de installatie van apparatuur, onderhoud, probleemoplossing en voor grotere locaties, als voor alle aanwezige technieken. Professionals hebben dus een volledig ge\u00efntegreerde, &#8220;papierloze&#8221; oplossing, van het bellen naar de klant tot het overdragen van de factuur naar de boekhouding, van de offerte tot het beheer van contracten. <\/p><ul><li>POWERGES optimaliseert het beheer van de installatie, probleemoplossing of onderhoudsinterventies van apparatuur, in volledige overeenstemming met de technische, milieu- en fiscale regelgeving.<\/li><li><strong>POWERSAVE <\/strong>est quant \u00e0 elle la solution pour la gestion de vos consommations &#8211; Piloter vos b\u00e2timents: mesurer pour agir, agir pour ma\u00eetriser!<\/li><\/ul><p>Meer informatie:<\/p><ul><li>Beheer van technische interventies<ul><li style=\"list-style-type: none;\"><ul><li><a href=\"https:\/\/www.rvc.be\/nl\/powerges-de-oplossing-voor-het-beheer-van-uw-technische-interventies-voor-verwarming-hvac\/\">Verwarming \/ HVAC<\/a><\/li><li><a href=\"https:\/\/www.rvc.be\/nl\/andere-technieken\/\">Andere technieken<\/a><\/li><\/ul><\/li><\/ul><\/li><li><a href=\"https:\/\/www.rvc.be\/nl\/de-oplossing-voor-het-technisch-beheer-van-uw-gebouwen\/\">Technisch beheer van uw gebouwen<\/a><\/li><li><a href=\"https:\/\/www.rvc.be\/nl\/consumptiebeheer\/\">Consumptiebeheer<\/a><\/li><\/ul>\t\t\t\t\t\t\t\t<\/div>\n\t\t\t\t<\/div>\n\t\t\t\t\t<\/div>\n\t\t<\/div>\n\t\t\t\t\t<\/div>\n\t\t<\/section>\n\t\t\t\t<section class=\"elementor-section elementor-top-section elementor-element elementor-element-ce1c114 elementor-section-boxed elementor-section-height-default elementor-section-height-default\" data-id=\"ce1c114\" data-element_type=\"section\">\n\t\t\t\t\t\t<div class=\"elementor-container elementor-column-gap-default\">\n\t\t\t\t\t<div class=\"elementor-column elementor-col-100 elementor-top-column elementor-element elementor-element-d1bf7d4\" data-id=\"d1bf7d4\" data-element_type=\"column\">\n\t\t\t<div class=\"elementor-widget-wrap elementor-element-populated\">\n\t\t\t\t\t\t<div class=\"elementor-element elementor-element-1be5700 elementor-button-warning elementor-align-center elementor-widget elementor-widget-button\" data-id=\"1be5700\" data-element_type=\"widget\" data-widget_type=\"button.default\">\n\t\t\t\t<div class=\"elementor-widget-container\">\n\t\t\t\t\t\t\t\t\t<div class=\"elementor-button-wrapper\">\n\t\t\t\t\t<a class=\"elementor-button elementor-button-link elementor-size-xl elementor-animation-grow\" href=\"index.php\/demandez-une-demo\/\">\n\t\t\t\t\t\t<span class=\"elementor-button-content-wrapper\">\n\t\t\t\t\t\t\t\t\t<span class=\"elementor-button-text\">Vraag ons om een \u200b\u200bGRATIS demo<\/span>\n\t\t\t\t\t<\/span>\n\t\t\t\t\t<\/a>\n\t\t\t\t<\/div>\n\t\t\t\t\t\t\t\t<\/div>\n\t\t\t\t<\/div>\n\t\t\t\t\t<\/div>\n\t\t<\/div>\n\t\t\t\t\t<\/div>\n\t\t<\/section>\n\t\t\t\t<section class=\"elementor-section elementor-top-section elementor-element elementor-element-99bace1 elementor-section-boxed elementor-section-height-default elementor-section-height-default\" data-id=\"99bace1\" data-element_type=\"section\">\n\t\t\t\t\t\t<div class=\"elementor-container elementor-column-gap-default\">\n\t\t\t\t\t<div class=\"elementor-column elementor-col-100 elementor-top-column elementor-element elementor-element-099bf1b\" data-id=\"099bf1b\" data-element_type=\"column\">\n\t\t\t<div class=\"elementor-widget-wrap elementor-element-populated\">\n\t\t\t\t\t\t<div class=\"elementor-element elementor-element-0589812 elementor-widget-divider--view-line elementor-widget elementor-widget-divider\" data-id=\"0589812\" data-element_type=\"widget\" data-widget_type=\"divider.default\">\n\t\t\t\t<div class=\"elementor-widget-container\">\n\t\t\t\t\t\t\t<div class=\"elementor-divider\">\n\t\t\t<span class=\"elementor-divider-separator\">\n\t\t\t\t\t\t<\/span>\n\t\t<\/div>\n\t\t\t\t\t\t<\/div>\n\t\t\t\t<\/div>\n\t\t\t\t\t<\/div>\n\t\t<\/div>\n\t\t\t\t\t<\/div>\n\t\t<\/section>\n\t\t\t\t<section class=\"elementor-section elementor-top-section elementor-element elementor-element-0890b8e elementor-section-boxed elementor-section-height-default elementor-section-height-default\" data-id=\"0890b8e\" data-element_type=\"section\">\n\t\t\t\t\t\t<div class=\"elementor-container elementor-column-gap-default\">\n\t\t\t\t\t<div class=\"elementor-column elementor-col-100 elementor-top-column elementor-element elementor-element-f7ca4e2\" data-id=\"f7ca4e2\" data-element_type=\"column\">\n\t\t\t<div class=\"elementor-widget-wrap elementor-element-populated\">\n\t\t\t\t\t\t<div class=\"elementor-element elementor-element-f2af481 elementor-widget elementor-widget-text-editor\" data-id=\"f2af481\" data-element_type=\"widget\" data-widget_type=\"text-editor.default\">\n\t\t\t\t<div class=\"elementor-widget-container\">\n\t\t\t\t\t\t\t\t\t<h1 style=\"text-align: center;\">Ontmoet ons team!<\/h1>\t\t\t\t\t\t\t\t<\/div>\n\t\t\t\t<\/div>\n\t\t\t\t\t<\/div>\n\t\t<\/div>\n\t\t\t\t\t<\/div>\n\t\t<\/section>\n\t\t\t\t<section class=\"elementor-section elementor-top-section elementor-element elementor-element-f04be73 elementor-section-boxed elementor-section-height-default elementor-section-height-default\" data-id=\"f04be73\" data-element_type=\"section\">\n\t\t\t\t\t\t<div class=\"elementor-container elementor-column-gap-default\">\n\t\t\t\t\t<div class=\"elementor-column elementor-col-50 elementor-top-column elementor-element elementor-element-766dccb\" data-id=\"766dccb\" data-element_type=\"column\">\n\t\t\t<div class=\"elementor-widget-wrap elementor-element-populated\">\n\t\t\t\t\t\t<section class=\"elementor-section elementor-inner-section elementor-element elementor-element-a27c944 elementor-section-boxed elementor-section-height-default elementor-section-height-default\" data-id=\"a27c944\" data-element_type=\"section\">\n\t\t\t\t\t\t<div class=\"elementor-container elementor-column-gap-wider\">\n\t\t\t\t\t<div class=\"elementor-column elementor-col-100 elementor-inner-column elementor-element elementor-element-e2b65e6\" data-id=\"e2b65e6\" data-element_type=\"column\">\n\t\t\t<div class=\"elementor-widget-wrap elementor-element-populated\">\n\t\t\t\t\t\t<div class=\"elementor-element elementor-element-2d5cf92 elementor-widget elementor-widget-menu-anchor\" data-id=\"2d5cf92\" data-element_type=\"widget\" data-widget_type=\"menu-anchor.default\">\n\t\t\t\t<div class=\"elementor-widget-container\">\n\t\t\t\t\t\t\t<div class=\"elementor-menu-anchor\" id=\"team\"><\/div>\n\t\t\t\t\t\t<\/div>\n\t\t\t\t<\/div>\n\t\t\t\t\t<\/div>\n\t\t<\/div>\n\t\t\t\t\t<\/div>\n\t\t<\/section>\n\t\t\t\t\t<\/div>\n\t\t<\/div>\n\t\t\t\t<div class=\"elementor-column elementor-col-50 elementor-top-column elementor-element elementor-element-4ca3a9f\" data-id=\"4ca3a9f\" data-element_type=\"column\">\n\t\t\t<div class=\"elementor-widget-wrap elementor-element-populated\">\n\t\t\t\t\t\t<section class=\"elementor-section elementor-inner-section elementor-element elementor-element-eb20f5b elementor-section-boxed elementor-section-height-default elementor-section-height-default\" data-id=\"eb20f5b\" data-element_type=\"section\">\n\t\t\t\t\t\t<div class=\"elementor-container elementor-column-gap-wide\">\n\t\t\t\t\t<div class=\"elementor-column elementor-col-33 elementor-inner-column elementor-element elementor-element-91d4ba6\" data-id=\"91d4ba6\" data-element_type=\"column\">\n\t\t\t<div class=\"elementor-widget-wrap\">\n\t\t\t\t\t\t\t<\/div>\n\t\t<\/div>\n\t\t\t\t<div class=\"elementor-column elementor-col-33 elementor-inner-column elementor-element elementor-element-22fbe5f\" data-id=\"22fbe5f\" data-element_type=\"column\">\n\t\t\t<div class=\"elementor-widget-wrap\">\n\t\t\t\t\t\t\t<\/div>\n\t\t<\/div>\n\t\t\t\t<div class=\"elementor-column elementor-col-33 elementor-inner-column elementor-element elementor-element-c834f96\" data-id=\"c834f96\" data-element_type=\"column\">\n\t\t\t<div class=\"elementor-widget-wrap\">\n\t\t\t\t\t\t\t<\/div>\n\t\t<\/div>\n\t\t\t\t\t<\/div>\n\t\t<\/section>\n\t\t\t\t<section class=\"elementor-section elementor-inner-section elementor-element elementor-element-26613a8 elementor-section-boxed elementor-section-height-default elementor-section-height-default\" data-id=\"26613a8\" data-element_type=\"section\">\n\t\t\t\t\t\t<div class=\"elementor-container elementor-column-gap-wide\">\n\t\t\t\t\t<div class=\"elementor-column elementor-col-33 elementor-inner-column elementor-element elementor-element-96889c3\" data-id=\"96889c3\" data-element_type=\"column\">\n\t\t\t<div class=\"elementor-widget-wrap\">\n\t\t\t\t\t\t\t<\/div>\n\t\t<\/div>\n\t\t\t\t<div class=\"elementor-column elementor-col-33 elementor-inner-column elementor-element elementor-element-5db034c\" data-id=\"5db034c\" data-element_type=\"column\">\n\t\t\t<div class=\"elementor-widget-wrap\">\n\t\t\t\t\t\t\t<\/div>\n\t\t<\/div>\n\t\t\t\t<div class=\"elementor-column elementor-col-33 elementor-inner-column elementor-element elementor-element-4a2c678\" data-id=\"4a2c678\" data-element_type=\"column\">\n\t\t\t<div class=\"elementor-widget-wrap\">\n\t\t\t\t\t\t\t<\/div>\n\t\t<\/div>\n\t\t\t\t\t<\/div>\n\t\t<\/section>\n\t\t\t\t\t<\/div>\n\t\t<\/div>\n\t\t\t\t\t<\/div>\n\t\t<\/section>\n\t\t\t\t<section class=\"elementor-section elementor-top-section elementor-element elementor-element-8cf8fb1 elementor-section-boxed elementor-section-height-default elementor-section-height-default\" data-id=\"8cf8fb1\" data-element_type=\"section\">\n\t\t\t\t\t\t<div class=\"elementor-container elementor-column-gap-default\">\n\t\t\t\t\t<div class=\"elementor-column elementor-col-100 elementor-top-column elementor-element elementor-element-bfd9ad8\" data-id=\"bfd9ad8\" data-element_type=\"column\">\n\t\t\t<div class=\"elementor-widget-wrap elementor-element-populated\">\n\t\t\t\t\t\t<div class=\"elementor-element elementor-element-856d6f6 elementor-widget-divider--view-line elementor-widget elementor-widget-divider\" data-id=\"856d6f6\" data-element_type=\"widget\" data-widget_type=\"divider.default\">\n\t\t\t\t<div class=\"elementor-widget-container\">\n\t\t\t\t\t\t\t<div class=\"elementor-divider\">\n\t\t\t<span class=\"elementor-divider-separator\">\n\t\t\t\t\t\t<\/span>\n\t\t<\/div>\n\t\t\t\t\t\t<\/div>\n\t\t\t\t<\/div>\n\t\t\t\t\t<\/div>\n\t\t<\/div>\n\t\t\t\t\t<\/div>\n\t\t<\/section>\n\t\t\t\t<section class=\"elementor-section elementor-top-section elementor-element elementor-element-07c1604 elementor-section-boxed elementor-section-height-default elementor-section-height-default\" data-id=\"07c1604\" data-element_type=\"section\">\n\t\t\t\t\t\t<div class=\"elementor-container elementor-column-gap-default\">\n\t\t\t\t\t<div class=\"elementor-column elementor-col-100 elementor-top-column elementor-element elementor-element-02e708d\" data-id=\"02e708d\" data-element_type=\"column\">\n\t\t\t<div class=\"elementor-widget-wrap elementor-element-populated\">\n\t\t\t\t\t\t<div class=\"elementor-element elementor-element-1465022 elementor-widget elementor-widget-text-editor\" data-id=\"1465022\" data-element_type=\"widget\" data-widget_type=\"text-editor.default\">\n\t\t\t\t<div class=\"elementor-widget-container\">\n\t\t\t\t\t\t\t\t\t<h2>POWERGES &amp; POWERSAVE<br>zijn oplossingen voor het monitoren,<br>optimaliseren en beheren van uw technische interventies.<\/h2>\t\t\t\t\t\t\t\t<\/div>\n\t\t\t\t<\/div>\n\t\t\t\t\t<\/div>\n\t\t<\/div>\n\t\t\t\t\t<\/div>\n\t\t<\/section>\n\t\t\t\t<section class=\"elementor-section elementor-top-section elementor-element elementor-element-9badef7 elementor-section-boxed elementor-section-height-default elementor-section-height-default\" data-id=\"9badef7\" data-element_type=\"section\">\n\t\t\t\t\t\t<div class=\"elementor-container elementor-column-gap-default\">\n\t\t\t\t\t<div class=\"elementor-column elementor-col-50 elementor-top-column elementor-element elementor-element-fa086dc\" data-id=\"fa086dc\" data-element_type=\"column\">\n\t\t\t<div class=\"elementor-widget-wrap elementor-element-populated\">\n\t\t\t\t\t\t<div class=\"elementor-element elementor-element-e462cc0 elementor-position-top elementor-widget elementor-widget-image-box\" data-id=\"e462cc0\" data-element_type=\"widget\" data-widget_type=\"image-box.default\">\n\t\t\t\t<div class=\"elementor-widget-container\">\n\t\t\t\t\t<div class=\"elementor-image-box-wrapper\"><figure class=\"elementor-image-box-img\"><img decoding=\"async\" src=\"https:\/\/www.rvc.be\/wp-content\/uploads\/2021\/03\/powerges-1.jpg\" title=\"\" alt=\"\" loading=\"lazy\" \/><\/figure><div class=\"elementor-image-box-content\"><h3 class=\"elementor-image-box-title\">Oplossing voor het beheer van uw technische interventies.<\/h3><p class=\"elementor-image-box-description\">POWERGES-oplossing voor het beheer van uw technische interventies voor de bouwsector, op kantoor en op het terrein (met tablets).\n\nMet digitale certificaten voor Brussel, maar ook voor de rest van Belgi\u00eb, Frankrijk en Luxemburg.<\/p><\/div><\/div>\t\t\t\t<\/div>\n\t\t\t\t<\/div>\n\t\t\t\t\t<\/div>\n\t\t<\/div>\n\t\t\t\t<div class=\"elementor-column elementor-col-50 elementor-top-column elementor-element elementor-element-1a2364f\" data-id=\"1a2364f\" data-element_type=\"column\">\n\t\t\t<div class=\"elementor-widget-wrap elementor-element-populated\">\n\t\t\t\t\t\t<div class=\"elementor-element elementor-element-c64a947 elementor-position-top elementor-widget elementor-widget-image-box\" data-id=\"c64a947\" data-element_type=\"widget\" data-widget_type=\"image-box.default\">\n\t\t\t\t<div class=\"elementor-widget-container\">\n\t\t\t\t\t<div class=\"elementor-image-box-wrapper\"><figure class=\"elementor-image-box-img\"><img decoding=\"async\" src=\"https:\/\/www.rvc.be\/wp-content\/uploads\/2021\/03\/powersave-1.jpg\" title=\"\" alt=\"\" loading=\"lazy\" \/><\/figure><div class=\"elementor-image-box-content\"><h3 class=\"elementor-image-box-title\">om het beheer van uw verbruik te meten, te controleren en te optimaliseren<\/h3><p class=\"elementor-image-box-description\">POWERSAVE om uw verbruik te meten, controleren en optimaliseren.\n\n \n\nVolg uw verbruik in realtime met het webgebaseerde platform voor verbruiksregistratie.\n\n \n\nDe kracht van Powersave is dat u inzicht krijgt in het verbruik per gebruik.\n\n \n\nHet vormt het startpunt voor het nemen van maatregelen en het defini\u00ebren van realistische besparingsdoelstellingen.\n\n<\/p><\/div><\/div>\t\t\t\t<\/div>\n\t\t\t\t<\/div>\n\t\t\t\t\t<\/div>\n\t\t<\/div>\n\t\t\t\t\t<\/div>\n\t\t<\/section>\n\t\t\t\t<section class=\"elementor-section elementor-top-section elementor-element elementor-element-52d899a elementor-section-boxed elementor-section-height-default elementor-section-height-default\" data-id=\"52d899a\" data-element_type=\"section\">\n\t\t\t\t\t\t<div class=\"elementor-container elementor-column-gap-default\">\n\t\t\t\t\t<div class=\"elementor-column elementor-col-50 elementor-top-column elementor-element elementor-element-f697db2\" data-id=\"f697db2\" data-element_type=\"column\">\n\t\t\t<div class=\"elementor-widget-wrap elementor-element-populated\">\n\t\t\t\t\t\t<div class=\"elementor-element elementor-element-2a87007 elementor-align-center elementor-widget elementor-widget-button\" data-id=\"2a87007\" data-element_type=\"widget\" data-widget_type=\"button.default\">\n\t\t\t\t<div class=\"elementor-widget-container\">\n\t\t\t\t\t\t\t\t\t<div class=\"elementor-button-wrapper\">\n\t\t\t\t\t<a class=\"elementor-button elementor-button-link elementor-size-sm\" href=\"https:\/\/www.rvc.be\/nl\/powerges-de-oplossing-voor-het-beheer-van-uw-technische-interventies-voor-verwarming-hvac\/\">\n\t\t\t\t\t\t<span class=\"elementor-button-content-wrapper\">\n\t\t\t\t\t\t\t\t\t<span class=\"elementor-button-text\">Meer informatie<\/span>\n\t\t\t\t\t<\/span>\n\t\t\t\t\t<\/a>\n\t\t\t\t<\/div>\n\t\t\t\t\t\t\t\t<\/div>\n\t\t\t\t<\/div>\n\t\t\t\t\t<\/div>\n\t\t<\/div>\n\t\t\t\t<div class=\"elementor-column elementor-col-50 elementor-top-column elementor-element elementor-element-e614c48\" data-id=\"e614c48\" data-element_type=\"column\">\n\t\t\t<div class=\"elementor-widget-wrap elementor-element-populated\">\n\t\t\t\t\t\t<div class=\"elementor-element elementor-element-33222df elementor-align-center elementor-widget elementor-widget-button\" data-id=\"33222df\" data-element_type=\"widget\" data-widget_type=\"button.default\">\n\t\t\t\t<div class=\"elementor-widget-container\">\n\t\t\t\t\t\t\t\t\t<div class=\"elementor-button-wrapper\">\n\t\t\t\t\t<a class=\"elementor-button elementor-button-link elementor-size-sm\" href=\"https:\/\/www.rvc.be\/nl\/consumptiebeheer\/\">\n\t\t\t\t\t\t<span class=\"elementor-button-content-wrapper\">\n\t\t\t\t\t\t\t\t\t<span class=\"elementor-button-text\">Meer informatie<\/span>\n\t\t\t\t\t<\/span>\n\t\t\t\t\t<\/a>\n\t\t\t\t<\/div>\n\t\t\t\t\t\t\t\t<\/div>\n\t\t\t\t<\/div>\n\t\t\t\t\t<\/div>\n\t\t<\/div>\n\t\t\t\t\t<\/div>\n\t\t<\/section>\n\t\t\t\t<section class=\"elementor-section elementor-top-section elementor-element elementor-element-d768cc8 elementor-section-boxed elementor-section-height-default elementor-section-height-default\" data-id=\"d768cc8\" data-element_type=\"section\">\n\t\t\t\t\t\t<div class=\"elementor-container elementor-column-gap-default\">\n\t\t\t\t\t<div class=\"elementor-column elementor-col-100 elementor-top-column elementor-element elementor-element-72214a3\" data-id=\"72214a3\" data-element_type=\"column\">\n\t\t\t<div class=\"elementor-widget-wrap elementor-element-populated\">\n\t\t\t\t\t\t<div class=\"elementor-element elementor-element-bc683e3 elementor-widget-divider--view-line elementor-widget elementor-widget-divider\" data-id=\"bc683e3\" data-element_type=\"widget\" data-widget_type=\"divider.default\">\n\t\t\t\t<div class=\"elementor-widget-container\">\n\t\t\t\t\t\t\t<div class=\"elementor-divider\">\n\t\t\t<span class=\"elementor-divider-separator\">\n\t\t\t\t\t\t<\/span>\n\t\t<\/div>\n\t\t\t\t\t\t<\/div>\n\t\t\t\t<\/div>\n\t\t\t\t\t<\/div>\n\t\t<\/div>\n\t\t\t\t\t<\/div>\n\t\t<\/section>\n\t\t\t\t<section class=\"elementor-section elementor-top-section elementor-element elementor-element-d3ff753 elementor-section-boxed elementor-section-height-default elementor-section-height-default\" data-id=\"d3ff753\" data-element_type=\"section\">\n\t\t\t\t\t\t<div class=\"elementor-container elementor-column-gap-default\">\n\t\t\t\t\t<div class=\"elementor-column elementor-col-100 elementor-top-column elementor-element elementor-element-1cc5796\" data-id=\"1cc5796\" data-element_type=\"column\">\n\t\t\t<div class=\"elementor-widget-wrap elementor-element-populated\">\n\t\t\t\t\t\t<section class=\"elementor-section elementor-inner-section elementor-element elementor-element-91aa0cb elementor-section-content-bottom elementor-section-boxed elementor-section-height-default elementor-section-height-default\" data-id=\"91aa0cb\" data-element_type=\"section\">\n\t\t\t\t\t\t<div class=\"elementor-container elementor-column-gap-wider\">\n\t\t\t\t\t<div class=\"elementor-column elementor-col-50 elementor-inner-column elementor-element elementor-element-3aaf656\" data-id=\"3aaf656\" data-element_type=\"column\">\n\t\t\t<div class=\"elementor-widget-wrap\">\n\t\t\t\t\t\t\t<\/div>\n\t\t<\/div>\n\t\t\t\t<div class=\"elementor-column elementor-col-50 elementor-inner-column elementor-element elementor-element-fff000d\" data-id=\"fff000d\" data-element_type=\"column\">\n\t\t\t<div class=\"elementor-widget-wrap elementor-element-populated\">\n\t\t\t\t\t\t<div class=\"elementor-element elementor-element-4bd5ab4 elementor-button-success elementor-align-center animated-slow elementor-widget__width-inherit elementor-invisible elementor-widget elementor-widget-button\" data-id=\"4bd5ab4\" data-element_type=\"widget\" data-settings=\"{&quot;_animation&quot;:&quot;bounceInLeft&quot;}\" data-widget_type=\"button.default\">\n\t\t\t\t<div class=\"elementor-widget-container\">\n\t\t\t\t\t\t\t\t\t<div class=\"elementor-button-wrapper\">\n\t\t\t\t\t<a class=\"elementor-button elementor-button-link elementor-size-xl elementor-animation-shrink\" href=\"https:\/\/www.rvc.be\/nl\/vraag-een-demo-aan\/\">\n\t\t\t\t\t\t<span class=\"elementor-button-content-wrapper\">\n\t\t\t\t\t\t\t\t\t<span class=\"elementor-button-text\">Neem contact met ons op voor een demo<\/span>\n\t\t\t\t\t<\/span>\n\t\t\t\t\t<\/a>\n\t\t\t\t<\/div>\n\t\t\t\t\t\t\t\t<\/div>\n\t\t\t\t<\/div>\n\t\t\t\t\t<\/div>\n\t\t<\/div>\n\t\t\t\t\t<\/div>\n\t\t<\/section>\n\t\t\t\t\t<\/div>\n\t\t<\/div>\n\t\t\t\t\t<\/div>\n\t\t<\/section>\n\t\t\t\t<section class=\"elementor-section elementor-top-section elementor-element elementor-element-6379585 elementor-section-boxed elementor-section-height-default elementor-section-height-default\" data-id=\"6379585\" data-element_type=\"section\">\n\t\t\t\t\t\t<div class=\"elementor-container elementor-column-gap-default\">\n\t\t\t\t\t<div class=\"elementor-column elementor-col-100 elementor-top-column elementor-element elementor-element-681dc5e\" data-id=\"681dc5e\" data-element_type=\"column\">\n\t\t\t<div class=\"elementor-widget-wrap elementor-element-populated\">\n\t\t\t\t\t\t<section class=\"elementor-section elementor-inner-section elementor-element elementor-element-dba209a elementor-section-content-middle elementor-section-boxed elementor-section-height-default elementor-section-height-default\" data-id=\"dba209a\" data-element_type=\"section\">\n\t\t\t\t\t\t<div class=\"elementor-container elementor-column-gap-wider\">\n\t\t\t\t\t<div class=\"elementor-column elementor-col-100 elementor-inner-column elementor-element elementor-element-7b2f539\" data-id=\"7b2f539\" data-element_type=\"column\">\n\t\t\t<div class=\"elementor-widget-wrap\">\n\t\t\t\t\t\t\t<\/div>\n\t\t<\/div>\n\t\t\t\t\t<\/div>\n\t\t<\/section>\n\t\t\t\t\t<\/div>\n\t\t<\/div>\n\t\t\t\t\t<\/div>\n\t\t<\/section>\n\t\t\t\t<\/div>\n\t\t","protected":false},"excerpt":{"rendered":"<p>Het bedrijf RVC is sinds enkele jaren gespecialiseerd in de optimalisatie van operationele en administratieve beheerprocessen door de integratie van digitaliseringstechnologie\u00ebn. RVC ontwikkelt&#8230;<\/p>\n","protected":false},"author":2,"featured_media":0,"parent":0,"menu_order":0,"comment_status":"closed","ping_status":"closed","template":"","meta":{"_acf_changed":false,"footnotes":""},"class_list":["post-7309","page","type-page","status-publish","hentry"],"acf":[],"_links":{"self":[{"href":"https:\/\/www.rvc.be\/nl\/wp-json\/wp\/v2\/pages\/7309","targetHints":{"allow":["GET"]}}],"collection":[{"href":"https:\/\/www.rvc.be\/nl\/wp-json\/wp\/v2\/pages"}],"about":[{"href":"https:\/\/www.rvc.be\/nl\/wp-json\/wp\/v2\/types\/page"}],"author":[{"embeddable":true,"href":"https:\/\/www.rvc.be\/nl\/wp-json\/wp\/v2\/users\/2"}],"replies":[{"embeddable":true,"href":"https:\/\/www.rvc.be\/nl\/wp-json\/wp\/v2\/comments?post=7309"}],"version-history":[{"count":1,"href":"https:\/\/www.rvc.be\/nl\/wp-json\/wp\/v2\/pages\/7309\/revisions"}],"predecessor-version":[{"id":7310,"href":"https:\/\/www.rvc.be\/nl\/wp-json\/wp\/v2\/pages\/7309\/revisions\/7310"}],"wp:attachment":[{"href":"https:\/\/www.rvc.be\/nl\/wp-json\/wp\/v2\/media?parent=7309"}],"curies":[{"name":"wp","href":"https:\/\/api.w.org\/{rel}","templated":true}]}}