{"id":7311,"date":"2021-04-20T12:20:21","date_gmt":"2021-04-20T10:20:21","guid":{"rendered":"https:\/\/www.rvc.be\/banen\/"},"modified":"2025-10-13T15:09:33","modified_gmt":"2025-10-13T13:09:33","slug":"banen","status":"publish","type":"page","link":"https:\/\/www.rvc.be\/nl\/banen\/","title":{"rendered":"Banen"},"content":{"rendered":"\t\t<div data-elementor-type=\"wp-page\" data-elementor-id=\"7311\" class=\"elementor elementor-7311 elementor-4419\" data-elementor-post-type=\"page\">\n\t\t\t\t\t\t<section class=\"elementor-section elementor-top-section elementor-element elementor-element-2d1afd5e elementor-section-boxed elementor-section-height-default elementor-section-height-default\" data-id=\"2d1afd5e\" data-element_type=\"section\">\n\t\t\t\t\t\t<div class=\"elementor-container elementor-column-gap-default\">\n\t\t\t\t\t<div class=\"elementor-column elementor-col-100 elementor-top-column elementor-element elementor-element-1ecbbd29\" data-id=\"1ecbbd29\" data-element_type=\"column\">\n\t\t\t<div class=\"elementor-widget-wrap elementor-element-populated\">\n\t\t\t\t\t\t<div class=\"elementor-element elementor-element-729212e6 elementor-widget elementor-widget-text-editor\" data-id=\"729212e6\" data-element_type=\"widget\" data-widget_type=\"text-editor.default\">\n\t\t\t\t<div class=\"elementor-widget-container\">\n\t\t\t\t\t\t\t\t\t<p><\/p>\n<p>Sluit je aan bij ons geweldige en dynamische team en ga de uitdaging aan om te groeien in de IT-sector!&nbsp;Vergroot uw kennis en word onderdeel van een bedrijf dat ecologische en technische oplossingen biedt.<\/p>\n<p><\/p>\n<p><\/p>\n<p><\/p>\n<p><br><\/p><p>Wij zijn momenteel op zoek naar:<\/p>\n<p><\/p>\t\t\t\t\t\t\t\t<\/div>\n\t\t\t\t<\/div>\n\t\t\t\t\t<\/div>\n\t\t<\/div>\n\t\t\t\t\t<\/div>\n\t\t<\/section>\n\t\t\t\t<section class=\"elementor-section elementor-top-section elementor-element elementor-element-ba60b73 elementor-section-boxed elementor-section-height-default elementor-section-height-default\" data-id=\"ba60b73\" data-element_type=\"section\">\n\t\t\t\t\t\t<div class=\"elementor-container elementor-column-gap-default\">\n\t\t\t\t\t<div class=\"elementor-column elementor-col-100 elementor-top-column elementor-element elementor-element-372fc73\" data-id=\"372fc73\" data-element_type=\"column\">\n\t\t\t<div class=\"elementor-widget-wrap elementor-element-populated\">\n\t\t\t\t\t\t<div class=\"elementor-element elementor-element-1d98b92 elementor-widget elementor-widget-html\" data-id=\"1d98b92\" data-element_type=\"widget\" data-widget_type=\"html.default\">\n\t\t\t\t<div class=\"elementor-widget-container\">\n\t\t\t\t\t<script> \r\njQuery(document).ready(function($) { \r\nvar delay = 100; setTimeout(function() { \r\n$('.elementor-tab-title').removeClass('elementor-active');\r\n $('.elementor-tab-content').css('display', 'none'); }, delay); \r\n}); \r\n<\/script>\t\t\t\t<\/div>\n\t\t\t\t<\/div>\n\t\t\t\t\t<\/div>\n\t\t<\/div>\n\t\t\t\t\t<\/div>\n\t\t<\/section>\n\t\t\t\t<section class=\"elementor-section elementor-top-section elementor-element elementor-element-1515ed2 elementor-section-boxed elementor-section-height-default elementor-section-height-default\" data-id=\"1515ed2\" data-element_type=\"section\">\n\t\t\t\t\t\t<div class=\"elementor-container elementor-column-gap-default\">\n\t\t\t\t\t<div class=\"elementor-column elementor-col-100 elementor-top-column elementor-element elementor-element-ef24b36\" data-id=\"ef24b36\" data-element_type=\"column\">\n\t\t\t<div class=\"elementor-widget-wrap elementor-element-populated\">\n\t\t\t\t\t\t<div class=\"elementor-element elementor-element-be3c408 elementor-widget elementor-widget-accordion\" data-id=\"be3c408\" data-element_type=\"widget\" data-widget_type=\"accordion.default\">\n\t\t\t\t<div class=\"elementor-widget-container\">\n\t\t\t\t\t\t\t<div class=\"elementor-accordion\">\n\t\t\t\t\t\t\t<div class=\"elementor-accordion-item\">\n\t\t\t\t\t<div id=\"elementor-tab-title-1991\" class=\"elementor-tab-title\" data-tab=\"1\" role=\"button\" aria-controls=\"elementor-tab-content-1991\" aria-expanded=\"false\">\n\t\t\t\t\t\t\t\t\t\t\t\t\t<span class=\"elementor-accordion-icon elementor-accordion-icon-left\" aria-hidden=\"true\">\n\t\t\t\t\t\t\t\t\t\t\t\t\t\t\t<span class=\"elementor-accordion-icon-closed\"><svg class=\"e-font-icon-svg e-fas-chevron-down\" viewBox=\"0 0 448 512\" xmlns=\"http:\/\/www.w3.org\/2000\/svg\"><path d=\"M207.029 381.476L12.686 187.132c-9.373-9.373-9.373-24.569 0-33.941l22.667-22.667c9.357-9.357 24.522-9.375 33.901-.04L224 284.505l154.745-154.021c9.379-9.335 24.544-9.317 33.901.04l22.667 22.667c9.373 9.373 9.373 24.569 0 33.941L240.971 381.476c-9.373 9.372-24.569 9.372-33.942 0z\"><\/path><\/svg><\/span>\n\t\t\t\t\t\t\t\t<span class=\"elementor-accordion-icon-opened\"><svg class=\"e-font-icon-svg e-fas-minus\" viewBox=\"0 0 448 512\" xmlns=\"http:\/\/www.w3.org\/2000\/svg\"><path d=\"M416 208H32c-17.67 0-32 14.33-32 32v32c0 17.67 14.33 32 32 32h384c17.67 0 32-14.33 32-32v-32c0-17.67-14.33-32-32-32z\"><\/path><\/svg><\/span>\n\t\t\t\t\t\t\t\t\t\t\t\t\t\t<\/span>\n\t\t\t\t\t\t\t\t\t\t\t\t<a class=\"elementor-accordion-title\" tabindex=\"0\">Een technisch verkoopvertegenwoordiger <\/a>\n\t\t\t\t\t<\/div>\n\t\t\t\t\t<div id=\"elementor-tab-content-1991\" class=\"elementor-tab-content elementor-clearfix\" data-tab=\"1\" role=\"region\" aria-labelledby=\"elementor-tab-title-1991\"><p>Sluit je aan bij ons fantastische en dynamische salesteam en ga de uitdaging aan om te groeien in de IT-sector! Benut je zakelijke kennis en gebruik je haaienmentaliteit om nieuwe doelen te bereiken.  <img decoding=\"async\" class=\"emoji\" role=\"img\" draggable=\"false\" src=\"https:\/\/s.w.org\/images\/core\/emoji\/13.0.1\/svg\/1f680.svg\" alt=\"\ud83d\ude80\"><\/p>\n<p><strong>VERANTWOORDELIJKHEDEN<\/strong><\/p>\n<ul>\n<li>Diriger tout le cycle de vente<\/li>\n<li>Kwalificeer klantbehoeften<\/li>\n<li>Onderhandel over en sluit contracten<\/li>\n<li>Belangrijkste Powerges-softwaredemo&#8217;s<\/li>\n<li>Klanttraining<\/li>\n<li>Bied helpdeskondersteuning aan gebruikers in heel Belgi\u00eb en Frankrijk.<\/li>\n<\/ul>\n<p><strong>UITDAGINGEN<\/strong><\/p>\n<ul>\n<li>Leer verschillende managementpraktijken<\/li>\n<li>Belangrijkste productdemo&#8217;s<\/li>\n<li>Omgaan met bedrijven uit verschillende sectoren, van verschillende groottes en uit verschillende regio&#8217;s<\/li>\n<\/ul>\n<p><strong>VEREIST<\/strong><\/p>\n<ul>\n<li>Interesse in computers en software<\/li>\n<li>0 tot 5 jaar ervaring<\/li>\n<li>Vloeiend in: <strong>Frans<\/strong><\/li>\n<\/ul>\n<p><strong>Sterke punten:<\/strong><\/p>\n<ul>\n<li>Goede kennis van de bouw-, HVAC- en vastgoedsector is een pr\u00e9.<\/li>\n<li>Kennis van PC Soft-omgevingen (WireV, Webdev, Windev Mobile) is een pr\u00e9.<\/li>\n<\/ul>\n<p><strong>Wat is er zo leuk aan deze baan?<\/strong><\/p>\n<\/p>\n<ul>\n<li>Koud bellen &#8211; U ontvangt leads en richt zich op het cre\u00ebren van waarde<\/li>\n<\/ul>\n<ul>\n<li>Traitez avec <strong>des personnes int\u00e9ressantes<\/strong> : PDG de PME, CFO, CTO,\u2026<\/li>\n<\/ul>\n<ul>\n<li>Leer verschillende managementpraktijken<\/li>\n<\/ul>\n<ul>\n<li>Werk met bedrijven uit verschillende sectoren, van verschillende omvang en uit verschillende landen.<\/li>\n<\/ul>\n<ul>\n<li>Breed scala aan toepassingen: CRM, boekhouding, inventaris, HR, projectmanagement, enz.<\/li>\n<\/ul>\n<ul>\n<li>Direct contact met klanten en opvolging van uw projecten.<\/li>\n<\/ul>\n<ul>\n<li>Hoge commissies voor topverkopers<\/li>\n<\/ul>\n<p><strong>Wat bieden wij?<\/strong><\/p>\n<\/p>\n<ul>\n<li>Een fulltime functie met een aantrekkelijk salarispakket.<\/li>\n<li>Geavanceerde trainingen: functionele en commerci\u00eble trainingen<\/li>\n<li>Echte verantwoordelijkheden, uitdagingen en een snel evoluerend bedrijf.<\/li>\n<li>Een leuke en uitdagende werkomgeving waarin iedere werknemer de kans krijgt om de impact van zijn werk te zien en een echte bijdrage te leveren aan het succes van het bedrijf.<\/li>\n<li>Une voiture de soci\u00e9t\u00e9 apr\u00e8s 6 mois d\u2019essais<\/li>\n<li>Flexibel uurrooster (38 uur\/week).<\/li>\n<\/ul>\n<p>Aanvullende opmerking: Mogelijkheid tot PFI.<\/p>\n<p>Envoyer nous votre cv ainsi que votre lettre de motivation \u00e0 l\u2019attention de Mr Van Parys : cvp@rvc.be <\/p>\n<\/div>\n\t\t\t\t<\/div>\n\t\t\t\t\t\t\t<div class=\"elementor-accordion-item\">\n\t\t\t\t\t<div id=\"elementor-tab-title-1992\" class=\"elementor-tab-title\" data-tab=\"2\" role=\"button\" aria-controls=\"elementor-tab-content-1992\" aria-expanded=\"false\">\n\t\t\t\t\t\t\t\t\t\t\t\t\t<span class=\"elementor-accordion-icon elementor-accordion-icon-left\" aria-hidden=\"true\">\n\t\t\t\t\t\t\t\t\t\t\t\t\t\t\t<span class=\"elementor-accordion-icon-closed\"><svg class=\"e-font-icon-svg e-fas-chevron-down\" viewBox=\"0 0 448 512\" xmlns=\"http:\/\/www.w3.org\/2000\/svg\"><path d=\"M207.029 381.476L12.686 187.132c-9.373-9.373-9.373-24.569 0-33.941l22.667-22.667c9.357-9.357 24.522-9.375 33.901-.04L224 284.505l154.745-154.021c9.379-9.335 24.544-9.317 33.901.04l22.667 22.667c9.373 9.373 9.373 24.569 0 33.941L240.971 381.476c-9.373 9.372-24.569 9.372-33.942 0z\"><\/path><\/svg><\/span>\n\t\t\t\t\t\t\t\t<span class=\"elementor-accordion-icon-opened\"><svg class=\"e-font-icon-svg e-fas-minus\" viewBox=\"0 0 448 512\" xmlns=\"http:\/\/www.w3.org\/2000\/svg\"><path d=\"M416 208H32c-17.67 0-32 14.33-32 32v32c0 17.67 14.33 32 32 32h384c17.67 0 32-14.33 32-32v-32c0-17.67-14.33-32-32-32z\"><\/path><\/svg><\/span>\n\t\t\t\t\t\t\t\t\t\t\t\t\t\t<\/span>\n\t\t\t\t\t\t\t\t\t\t\t\t<a class=\"elementor-accordion-title\" tabindex=\"0\">Een ontwikkelaar<\/a>\n\t\t\t\t\t<\/div>\n\t\t\t\t\t<div id=\"elementor-tab-content-1992\" class=\"elementor-tab-content elementor-clearfix\" data-tab=\"2\" role=\"region\" aria-labelledby=\"elementor-tab-title-1992\"><p>Sluit je aan bij ons fantastische en dynamische team van ontwikkelaars en ga de uitdaging aan om te groeien in de IT-sector! Verdiep je kennis van Windev (webdev, etc.) en gebruik je instelling om nieuwe doelen te bereiken.  <img decoding=\"async\" class=\"emoji\" role=\"img\" draggable=\"false\" src=\"https:\/\/s.w.org\/images\/core\/emoji\/13.0.1\/svg\/1f680.svg\" alt=\"\ud83d\ude80\"><\/p>\n<p><strong>VERANTWOORDELIJKHEDEN<\/strong><\/p>\n<ul>\n<li>Corrigerend en schaalbaar onderhoud van bestaande programma&#8217;s geschreven in WLanguage (WinDev 25\/26) rond HFSQL-databases;<\/li>\n<li>Documentatie schrijven voor bestaande programma&#8217;s;<\/li>\n<li>Nieuwe modules ontwikkelen op basis van gebruikersbehoeften;<\/li>\n<li>Mobiele applicaties monitoren en ontwikkelen (REST API, Angular, Java, etc.);<\/li>\n<li>Deelnemen aan klantenondersteuning<\/li>\n<\/ul>\n<p><strong>VEREIST<\/strong><\/p>\n<ul>\n<li>Interesse in IT en software<\/li>\n<li>0 tot 5 jaar ervaring<\/li>\n<li>Vloeiend in: <strong>Frans<\/strong><\/li>\n<\/ul>\n<p><strong>Sterke punten:<\/strong><\/p>\n<ul>\n<li>Goede kennis van de bouw-, HVAC- en vastgoedsector is een pr\u00e9.<\/li>\n<li>Vaardigheid in pc-softwareomgevingen is VEREIST \u2013 Windev, Webdev en Windev Mobile zijn een pr\u00e9.<\/li>\n<\/ul>\n<p><strong>Wat is er zo geweldig aan deze baan?<\/strong><\/p>\n<ul>\n<li>Werk met interessante mensen.<\/li>\n<li>Werk met bedrijven uit verschillende sectoren, van verschillende omvang en uit verschillende landen.<\/li>\n<li>Breed scala aan toepassingen: CRM, boekhouding, voorraadbeheer, HR, projectmanagement, enz.<\/li>\n<li>Direct contact met klanten en opvolging van uw projecten.<\/li>\n<\/ul>\n<p><strong>Wat bieden wij?<\/strong><\/p>\n<ul>\n<li>Een fulltime functie met een aantrekkelijk salarispakket.<\/li>\n<li>Geavanceerde trainingen: functionele trainingen. <\/li>\n<li>Echte verantwoordelijkheden, uitdagingen en een snel evoluerend bedrijf.<\/li>\n<li>Een leuke werkomgeving waar elke medewerker de kans krijgt om de impact van zijn of haar werk te zien en een echte bijdrage te leveren aan het succes van het bedrijf.<\/li>\n<li>Flexibel uurrooster (38 uur\/week).<\/li>\n<\/ul>\n<p>Aanvullende opmerking: Mogelijkheid tot PFI.<\/p>\n<p>Stuur uw cv en motivatiebrief naar dhr. Van Parys: cvp@rvc.be <\/p>\n<\/div>\n\t\t\t\t<\/div>\n\t\t\t\t\t\t\t\t<\/div>\n\t\t\t\t\t\t<\/div>\n\t\t\t\t<\/div>\n\t\t\t\t\t<\/div>\n\t\t<\/div>\n\t\t\t\t\t<\/div>\n\t\t<\/section>\n\t\t\t\t<section class=\"elementor-section elementor-top-section elementor-element elementor-element-df751bf elementor-section-boxed elementor-section-height-default elementor-section-height-default\" data-id=\"df751bf\" data-element_type=\"section\">\n\t\t\t\t\t\t<div class=\"elementor-container elementor-column-gap-default\">\n\t\t\t\t\t<div class=\"elementor-column elementor-col-100 elementor-top-column elementor-element elementor-element-fe4dd78\" data-id=\"fe4dd78\" data-element_type=\"column\">\n\t\t\t<div class=\"elementor-widget-wrap elementor-element-populated\">\n\t\t\t\t\t\t<div class=\"elementor-element elementor-element-4e8a46d elementor-widget elementor-widget-spacer\" data-id=\"4e8a46d\" data-element_type=\"widget\" data-widget_type=\"spacer.default\">\n\t\t\t\t<div class=\"elementor-widget-container\">\n\t\t\t\t\t\t\t<div class=\"elementor-spacer\">\n\t\t\t<div class=\"elementor-spacer-inner\"><\/div>\n\t\t<\/div>\n\t\t\t\t\t\t<\/div>\n\t\t\t\t<\/div>\n\t\t\t\t\t<\/div>\n\t\t<\/div>\n\t\t\t\t\t<\/div>\n\t\t<\/section>\n\t\t\t\t<\/div>\n\t\t","protected":false},"excerpt":{"rendered":"<p>Sluit je aan bij ons geweldige en dynamische team en ga de uitdaging aan om te groeien in de IT-sector!&nbsp;Vergroot uw kennis en&#8230;<\/p>\n","protected":false},"author":2,"featured_media":0,"parent":0,"menu_order":0,"comment_status":"closed","ping_status":"closed","template":"","meta":{"_acf_changed":false,"footnotes":""},"class_list":["post-7311","page","type-page","status-publish","hentry"],"acf":[],"_links":{"self":[{"href":"https:\/\/www.rvc.be\/nl\/wp-json\/wp\/v2\/pages\/7311","targetHints":{"allow":["GET"]}}],"collection":[{"href":"https:\/\/www.rvc.be\/nl\/wp-json\/wp\/v2\/pages"}],"about":[{"href":"https:\/\/www.rvc.be\/nl\/wp-json\/wp\/v2\/types\/page"}],"author":[{"embeddable":true,"href":"https:\/\/www.rvc.be\/nl\/wp-json\/wp\/v2\/users\/2"}],"replies":[{"embeddable":true,"href":"https:\/\/www.rvc.be\/nl\/wp-json\/wp\/v2\/comments?post=7311"}],"version-history":[{"count":7,"href":"https:\/\/www.rvc.be\/nl\/wp-json\/wp\/v2\/pages\/7311\/revisions"}],"predecessor-version":[{"id":7318,"href":"https:\/\/www.rvc.be\/nl\/wp-json\/wp\/v2\/pages\/7311\/revisions\/7318"}],"wp:attachment":[{"href":"https:\/\/www.rvc.be\/nl\/wp-json\/wp\/v2\/media?parent=7311"}],"curies":[{"name":"wp","href":"https:\/\/api.w.org\/{rel}","templated":true}]}}